{"id":51,"date":"2022-03-30T11:28:42","date_gmt":"2022-03-30T09:28:42","guid":{"rendered":"https:\/\/port-miniature.ch\/?page_id=51"},"modified":"2025-08-09T16:33:13","modified_gmt":"2025-08-09T14:33:13","slug":"nos-tarifs","status":"publish","type":"page","link":"https:\/\/port-miniature.ch\/index.php\/nos-tarifs\/","title":{"rendered":"Prix 2025"},"content":{"rendered":"\n<p class=\"has-text-align-center\"><\/p>\n\n\n\n<figure class=\"wp-block-table is-style-stripes\"><table><tbody><tr><td class=\"has-text-align-center\" data-align=\"center\"><strong>Mod\u00e8le<\/strong><\/td><td class=\"has-text-align-center\" data-align=\"center\"><strong>Nb pers<\/strong>onne<\/td><td class=\"has-text-align-center\" data-align=\"center\"><strong>1h<\/strong>     <\/td><td class=\"has-text-align-center\" data-align=\"center\"><strong>1h30<\/strong><\/td><td class=\"has-text-align-center\" data-align=\"center\"><strong>2h<\/strong><\/td><td class=\"has-text-align-center\" data-align=\"center\"><strong>2h30<\/strong><\/td><td class=\"has-text-align-center\" data-align=\"center\"><strong>3h<\/strong><\/td><td class=\"has-text-align-center\" data-align=\"center\"><strong>3h30<\/strong><\/td><td class=\"has-text-align-center\" data-align=\"center\"><strong>4h<\/strong><\/td><td class=\"has-text-align-center\" data-align=\"center\"><strong>4h30<\/strong><\/td><\/tr><tr><td class=\"has-text-align-center\" data-align=\"center\"><em>Quick Silver<\/em> 425<\/td><td class=\"has-text-align-center\" data-align=\"center\">4 places<\/td><td class=\"has-text-align-center\" data-align=\"center\">65<\/td><td class=\"has-text-align-center\" data-align=\"center\">95<\/td><td class=\"has-text-align-center\" data-align=\"center\">125<\/td><td class=\"has-text-align-center\" data-align=\"center\">155<\/td><td class=\"has-text-align-center\" data-align=\"center\">190<\/td><td class=\"has-text-align-center\" data-align=\"center\">210<\/td><td class=\"has-text-align-center\" data-align=\"center\">240<\/td><td class=\"has-text-align-center\" data-align=\"center\">270<\/td><\/tr><tr><td class=\"has-text-align-center\" data-align=\"center\"><em>Titan <\/em>&#8211; Commander 420<\/td><td class=\"has-text-align-center\" data-align=\"center\">4 places<\/td><td class=\"has-text-align-center\" data-align=\"center\">75<\/td><td class=\"has-text-align-center\" data-align=\"center\">110<\/td><td class=\"has-text-align-center\" data-align=\"center\">145<\/td><td class=\"has-text-align-center\" data-align=\"center\">185<\/td><td class=\"has-text-align-center\" data-align=\"center\">220<\/td><td class=\"has-text-align-center\" data-align=\"center\">255<\/td><td class=\"has-text-align-center\" data-align=\"center\">290<\/td><td class=\"has-text-align-center\" data-align=\"center\">320<\/td><\/tr><tr><td class=\"has-text-align-center\" data-align=\"center\"><em>Mazury 480<\/em> <\/td><td class=\"has-text-align-center\" data-align=\"center\">5 places<\/td><td class=\"has-text-align-center\" data-align=\"center\">85<\/td><td class=\"has-text-align-center\" data-align=\"center\">125<\/td><td class=\"has-text-align-center\" data-align=\"center\">165<\/td><td class=\"has-text-align-center\" data-align=\"center\">205<\/td><td class=\"has-text-align-center\" data-align=\"center\">245<\/td><td class=\"has-text-align-center\" data-align=\"center\">285<\/td><td class=\"has-text-align-center\" data-align=\"center\">335<\/td><td class=\"has-text-align-center\" data-align=\"center\">365<\/td><\/tr><\/tbody><\/table><figcaption class=\"wp-element-caption\">                                               <br>                                                Les prix indiqu\u00e9s sont en francs suisses<\/figcaption><\/figure>\n\n\n\n<figure class=\"wp-block-gallery has-nested-images columns-default is-cropped wp-block-gallery-1 is-layout-flex wp-block-gallery-is-layout-flex\">\n<figure class=\"wp-block-image size-large\"><img loading=\"lazy\" decoding=\"async\" width=\"1024\" height=\"768\" data-id=\"571\" src=\"https:\/\/port-miniature.ch\/wp-content\/uploads\/2024\/08\/86B5768D-DF7D-4715-80F5-02AC598ADF1C-1024x768.jpeg\" alt=\"\" class=\"wp-image-571\" srcset=\"https:\/\/port-miniature.ch\/wp-content\/uploads\/2024\/08\/86B5768D-DF7D-4715-80F5-02AC598ADF1C-1024x768.jpeg 1024w, https:\/\/port-miniature.ch\/wp-content\/uploads\/2024\/08\/86B5768D-DF7D-4715-80F5-02AC598ADF1C-300x225.jpeg 300w, https:\/\/port-miniature.ch\/wp-content\/uploads\/2024\/08\/86B5768D-DF7D-4715-80F5-02AC598ADF1C-768x576.jpeg 768w\" sizes=\"auto, (max-width: 1024px) 100vw, 1024px\" \/><figcaption class=\"wp-element-caption\">Commander<\/figcaption><\/figure>\n\n\n\n<figure class=\"wp-block-image size-large\"><img loading=\"lazy\" decoding=\"async\" width=\"1024\" height=\"768\" data-id=\"485\" src=\"https:\/\/port-miniature.ch\/wp-content\/uploads\/2024\/04\/IMG_3326-1-1024x768.jpeg\" alt=\"\" class=\"wp-image-485\" srcset=\"https:\/\/port-miniature.ch\/wp-content\/uploads\/2024\/04\/IMG_3326-1-1024x768.jpeg 1024w, https:\/\/port-miniature.ch\/wp-content\/uploads\/2024\/04\/IMG_3326-1-300x225.jpeg 300w, https:\/\/port-miniature.ch\/wp-content\/uploads\/2024\/04\/IMG_3326-1-768x576.jpeg 768w\" sizes=\"auto, (max-width: 1024px) 100vw, 1024px\" \/><figcaption class=\"wp-element-caption\">Titan <\/figcaption><\/figure>\n\n\n\n<figure class=\"wp-block-image size-large\"><img loading=\"lazy\" decoding=\"async\" width=\"1024\" height=\"768\" data-id=\"469\" src=\"https:\/\/port-miniature.ch\/wp-content\/uploads\/2024\/04\/IMG_0590-1-1024x768.jpeg\" alt=\"\" class=\"wp-image-469\" srcset=\"https:\/\/port-miniature.ch\/wp-content\/uploads\/2024\/04\/IMG_0590-1-1024x768.jpeg 1024w, https:\/\/port-miniature.ch\/wp-content\/uploads\/2024\/04\/IMG_0590-1-300x225.jpeg 300w, https:\/\/port-miniature.ch\/wp-content\/uploads\/2024\/04\/IMG_0590-1-768x576.jpeg 768w\" sizes=\"auto, (max-width: 1024px) 100vw, 1024px\" \/><figcaption class=\"wp-element-caption\">QuickSilver<\/figcaption><\/figure>\n\n\n\n<figure class=\"wp-block-image size-large\"><img loading=\"lazy\" decoding=\"async\" width=\"1024\" height=\"1002\" data-id=\"454\" src=\"https:\/\/port-miniature.ch\/wp-content\/uploads\/2024\/04\/IMG_0575-1-1024x1002.jpeg\" alt=\"\" class=\"wp-image-454\" srcset=\"https:\/\/port-miniature.ch\/wp-content\/uploads\/2024\/04\/IMG_0575-1-1024x1002.jpeg 1024w, https:\/\/port-miniature.ch\/wp-content\/uploads\/2024\/04\/IMG_0575-1-1536x1502.jpeg 1536w, https:\/\/port-miniature.ch\/wp-content\/uploads\/2024\/04\/IMG_0575-1-2048x2003.jpeg 2048w, https:\/\/port-miniature.ch\/wp-content\/uploads\/2024\/04\/IMG_0575-1-300x293.jpeg 300w, https:\/\/port-miniature.ch\/wp-content\/uploads\/2024\/04\/IMG_0575-1-768x751.jpeg 768w\" sizes=\"auto, (max-width: 1024px) 100vw, 1024px\" \/><figcaption class=\"wp-element-caption\">Grand bain de soleil<\/figcaption><\/figure>\n\n\n\n<figure class=\"wp-block-image size-large\"><img loading=\"lazy\" decoding=\"async\" width=\"1024\" height=\"768\" data-id=\"434\" src=\"https:\/\/port-miniature.ch\/wp-content\/uploads\/2024\/04\/IMG_3327-1024x768.jpeg\" alt=\"\" class=\"wp-image-434\" srcset=\"https:\/\/port-miniature.ch\/wp-content\/uploads\/2024\/04\/IMG_3327-1024x768.jpeg 1024w, https:\/\/port-miniature.ch\/wp-content\/uploads\/2024\/04\/IMG_3327-300x225.jpeg 300w, https:\/\/port-miniature.ch\/wp-content\/uploads\/2024\/04\/IMG_3327-768x576.jpeg 768w\" sizes=\"auto, (max-width: 1024px) 100vw, 1024px\" \/><figcaption class=\"wp-element-caption\">Mazury<\/figcaption><\/figure>\n<\/figure>\n\n\n\n<p class=\"has-text-align-center\"><\/p>\n\n\n\n<p class=\"has-text-align-center\">D\u00e9p\u00f4t d&rsquo;une carte d&rsquo;identit\u00e9 ou d&rsquo;un passeport valable ainsi que la signature du contrat de location.<\/p>\n\n\n\n<p class=\"has-text-align-center\">le, la signataire du contrat et pilote du bateau doit \u00eatre majeur<\/p>\n\n\n\n<p class=\"has-text-align-center\"><strong>Pas de multi-location possible ( plusieurs bateaux ensemble )<\/strong><\/p>\n\n\n\n<p><\/p>\n\n\n\n<p class=\"has-text-align-center\">Paiement par carte de d\u00e9bit-cr\u00e9dit ou esp\u00e8ces. Euros accept\u00e9s.<\/p>\n\n\n\n<p class=\"has-text-align-center\">Service \u00e0 la client\u00e8le : fourniture de drap de bain avec un d\u00e9p\u00f4t garantie uniquement sur r\u00e9servation<\/p>\n\n\n\n<p class=\"has-text-align-center\"><\/p>\n\n\n\n<p class=\"has-text-align-center\">Chien bienvenu sous conditions, nous contacter au pr\u00e9alable <\/p>\n\n\n\n<hr class=\"wp-block-separator has-css-opacity\"\/>\n\n\n\n<div style=\"height:100px\" aria-hidden=\"true\" class=\"wp-block-spacer\"><\/div>\n\n\n\n<p class=\"has-text-align-center\">Pour les enfants accompagn\u00e9s un <strong>Tour de man\u00e8ge en bateau miniature <\/strong>dans la baie des Eaux-Vives<\/p>\n\n\n\n<p class=\"has-text-align-center\">Baignade interdite avec les Miniatures<\/p>\n\n\n\n<figure class=\"wp-block-table is-style-stripes\"><table><tbody><tr><td class=\"has-text-align-center\" data-align=\"center\">Bateaux pour enfants<\/td><td>35 CHF <br>Temps de navigation : 30 minutes<br> 2 enfants de moins de 12 ans et 2 adultes <br>ou <br>3 enfants de moins de 12 ans et 1 adulte<\/td><td class=\"has-text-align-center\" data-align=\"center\"><\/td><td class=\"has-text-align-center\" data-align=\"center\"><\/td><\/tr><\/tbody><\/table><\/figure>\n\n\n\n<p class=\"has-text-align-center\">Le port du gilet de s\u00e9curit\u00e9 est obligatoire pour les enfants de moins de 12 ans min.<\/p>\n\n\n\n<div style=\"height:100px\" aria-hidden=\"true\" class=\"wp-block-spacer\"><\/div>\n\n\n\n<figure class=\"wp-block-gallery has-nested-images columns-default is-cropped wp-block-gallery-2 is-layout-flex wp-block-gallery-is-layout-flex\">\n<figure class=\"wp-block-image size-large\"><img loading=\"lazy\" decoding=\"async\" width=\"1384\" height=\"475\" data-id=\"62\" src=\"https:\/\/port-miniature.ch\/wp-content\/uploads\/2022\/03\/Miniatures.png\" alt=\"\" class=\"wp-image-62\" srcset=\"https:\/\/port-miniature.ch\/wp-content\/uploads\/2022\/03\/Miniatures.png 1384w, https:\/\/port-miniature.ch\/wp-content\/uploads\/2022\/03\/Miniatures-300x103.png 300w, https:\/\/port-miniature.ch\/wp-content\/uploads\/2022\/03\/Miniatures-768x264.png 768w, https:\/\/port-miniature.ch\/wp-content\/uploads\/2022\/03\/Miniatures-1024x351.png 1024w\" sizes=\"auto, (max-width: 1384px) 100vw, 1384px\" \/><figcaption class=\"wp-element-caption\">Miniatures moteur \u00e9lectrique. 35 CHF pour 30 minutes de navigation dans la baie des Eaux-Vives <\/figcaption><\/figure>\n<\/figure>\n\n\n\n<h2 class=\"wp-block-heading\">R\u00e9servation<\/h2>\n\n\n\n<div class=\"wp-block-media-text alignwide is-stacked-on-mobile\"><figure class=\"wp-block-media-text__media\"><img loading=\"lazy\" decoding=\"async\" width=\"1024\" height=\"768\" src=\"https:\/\/port-miniature.ch\/wp-content\/uploads\/2024\/04\/IMG_0762-1024x768.jpeg\" alt=\"\" class=\"wp-image-492 size-full\" srcset=\"https:\/\/port-miniature.ch\/wp-content\/uploads\/2024\/04\/IMG_0762-1024x768.jpeg 1024w, https:\/\/port-miniature.ch\/wp-content\/uploads\/2024\/04\/IMG_0762-300x225.jpeg 300w, https:\/\/port-miniature.ch\/wp-content\/uploads\/2024\/04\/IMG_0762-768x576.jpeg 768w\" sizes=\"auto, (max-width: 1024px) 100vw, 1024px\" \/><\/figure><div class=\"wp-block-media-text__content\">\n<p class=\"has-text-align-center has-large-font-size\">Lors de p\u00e9riode estivale, et de forte influence pensez \u00e0 r\u00e9server votre bateau !!<\/p>\n<\/div><\/div>\n\n\n\n<hr class=\"wp-block-separator has-css-opacity is-style-default\"\/>\n\n\n\n<h2 class=\"wp-block-heading\">Zone de navigation <\/h2>\n\n\n\n<figure class=\"wp-block-image size-full is-resized\"><img loading=\"lazy\" decoding=\"async\" width=\"303\" height=\"241\" src=\"https:\/\/port-miniature.ch\/wp-content\/uploads\/2022\/03\/Plan-rade.png\" alt=\"\" class=\"wp-image-94\" style=\"width:487px;height:387px\" srcset=\"https:\/\/port-miniature.ch\/wp-content\/uploads\/2022\/03\/Plan-rade.png 303w, https:\/\/port-miniature.ch\/wp-content\/uploads\/2022\/03\/Plan-rade-300x239.png 300w\" sizes=\"auto, (max-width: 303px) 100vw, 303px\" \/><figcaption class=\"wp-element-caption\"><strong>Les miniatures <\/strong>: doivent obligatoirement rester \u00e0 l&rsquo;int\u00e9rieur de la zone de navigation d\u00e9limit\u00e9, soit \u00e0 l&rsquo;int\u00e9rieur de la baie des Eaux-Vives.<\/figcaption><\/figure>\n\n\n\n<p><strong>Les bateaux moteurs<\/strong> : doivent imp\u00e9rativement sortir de la baie des Eaux-Vives et naviguer dans le petit  lac en se tenant \u00e0 une distance de 300 m\u00e8tres des rivage.<\/p>\n\n\n\n<p><strong>Pour la s\u00e9curit\u00e9 des uns et des autres, il est exig\u00e9<\/strong> de la part de nos clients navigateurs de respecter la l\u00e9gislation en vigueur sur le lac L\u2019\u00e9mana et de ne pas, ni g\u00eaner, ni d\u2019entraver la navigation des bateaux de lignes CGN et Mouettes genevoises. Le respect \u00e7a change la Vie.<\/p>\n\n\n\n<div style=\"height:100px\" aria-hidden=\"true\" class=\"wp-block-spacer\"><\/div>\n\n\n\n<div class=\"wp-block-cover is-light\"><img loading=\"lazy\" decoding=\"async\" width=\"240\" height=\"320\" class=\"wp-block-cover__image-background wp-image-136\" alt=\"\" src=\"https:\/\/port-miniature.ch\/wp-content\/uploads\/2022\/04\/IMG_4548.jpg\" style=\"object-position:40% 53%\" data-object-fit=\"cover\" data-object-position=\"40% 53%\" srcset=\"https:\/\/port-miniature.ch\/wp-content\/uploads\/2022\/04\/IMG_4548.jpg 240w, https:\/\/port-miniature.ch\/wp-content\/uploads\/2022\/04\/IMG_4548-225x300.jpg 225w\" sizes=\"auto, (max-width: 240px) 100vw, 240px\" \/><span aria-hidden=\"true\" class=\"wp-block-cover__background has-background-dim-0 has-background-dim\"><\/span><div class=\"wp-block-cover__inner-container is-layout-flow wp-block-cover-is-layout-flow\">\n<p class=\"has-text-align-center has-large-font-size\"><strong>Contact<\/strong><\/p>\n\n\n\n<p><strong>Quai Gustave-Ador 35<\/strong><\/p>\n\n\n\n<p><strong>1207 Gen\u00e8ve<\/strong><\/p>\n\n\n\n<p><\/p>\n\n\n\n<p><strong>076 585 70 50<\/strong><\/p>\n\n\n\n<p><\/p>\n\n\n\n<p><strong>portminiature1207@gmail.com<\/strong><\/p>\n<\/div><\/div>\n","protected":false},"excerpt":{"rendered":"<p>Mod\u00e8le Nb personne 1h 1h30 2h 2h30 3h 3h30 4h 4h30 Quick Silver 425 4 places 65 95 125 155 190 210 240 270 Titan &#8211; Commander 420 4 places 75 110 145 185 220 255 290 320 Mazury 480 5 places 85 125 165 205 245 285 335 365 Les prix indiqu\u00e9s sont en [&hellip;]<\/p>\n","protected":false},"author":2,"featured_media":0,"parent":0,"menu_order":0,"comment_status":"closed","ping_status":"closed","template":"","meta":{"footnotes":""},"class_list":["post-51","page","type-page","status-publish","hentry"],"_links":{"self":[{"href":"https:\/\/port-miniature.ch\/index.php\/wp-json\/wp\/v2\/pages\/51","targetHints":{"allow":["GET"]}}],"collection":[{"href":"https:\/\/port-miniature.ch\/index.php\/wp-json\/wp\/v2\/pages"}],"about":[{"href":"https:\/\/port-miniature.ch\/index.php\/wp-json\/wp\/v2\/types\/page"}],"author":[{"embeddable":true,"href":"https:\/\/port-miniature.ch\/index.php\/wp-json\/wp\/v2\/users\/2"}],"replies":[{"embeddable":true,"href":"https:\/\/port-miniature.ch\/index.php\/wp-json\/wp\/v2\/comments?post=51"}],"version-history":[{"count":36,"href":"https:\/\/port-miniature.ch\/index.php\/wp-json\/wp\/v2\/pages\/51\/revisions"}],"predecessor-version":[{"id":596,"href":"https:\/\/port-miniature.ch\/index.php\/wp-json\/wp\/v2\/pages\/51\/revisions\/596"}],"wp:attachment":[{"href":"https:\/\/port-miniature.ch\/index.php\/wp-json\/wp\/v2\/media?parent=51"}],"curies":[{"name":"wp","href":"https:\/\/api.w.org\/{rel}","templated":true}]}}