{"id":299,"date":"2022-06-11T14:58:27","date_gmt":"2022-06-11T12:58:27","guid":{"rendered":"https:\/\/port-miniature.ch\/?page_id=299"},"modified":"2025-05-26T16:12:46","modified_gmt":"2025-05-26T14:12:46","slug":"contrat-de-location","status":"publish","type":"page","link":"https:\/\/port-miniature.ch\/index.php\/contrat-de-location\/","title":{"rendered":"Contrat de location"},"content":{"rendered":"\n<p><\/p>\n\n\n\n<p>Les consignes et les r\u00e8gles de navigations sont notifi\u00e9es dans le contrat de location. Le signataire en prend acte.<\/p>\n\n\n\n<p>Les consignes de s\u00e9curit\u00e9 sont expliqu\u00e9es lors du d\u00e9part du bateau. Merci de les \u00e9couter et de les respecter.<\/p>\n\n\n\n<p><\/p>\n\n\n\n<p>Le d\u00e9p\u00f4t de la pi\u00e8ce d&rsquo;identit\u00e9, passeport ou permis de conduire valables est indispensable et exig\u00e9.<\/p>\n\n\n\n<p>Le,la signataire doit \u00eatre <strong>imp\u00e9rativement majeur et de par sa signature accepte les conditions du contrat de location du bateau et s&rsquo;engage \u00e0 les respecter.<\/strong><\/p>\n\n\n\n<figure class=\"wp-block-gallery has-nested-images columns-default is-cropped wp-block-gallery-1 is-layout-flex wp-block-gallery-is-layout-flex\">\n<figure class=\"wp-block-image size-large\"><img loading=\"lazy\" decoding=\"async\" width=\"461\" height=\"640\" data-id=\"300\" src=\"https:\/\/port-miniature.ch\/wp-content\/uploads\/2022\/06\/IMG_0265.jpg\" alt=\"\" class=\"wp-image-300\" srcset=\"https:\/\/port-miniature.ch\/wp-content\/uploads\/2022\/06\/IMG_0265.jpg 461w, https:\/\/port-miniature.ch\/wp-content\/uploads\/2022\/06\/IMG_0265-216x300.jpg 216w\" sizes=\"auto, (max-width: 461px) 100vw, 461px\" \/><\/figure>\n\n\n\n<figure class=\"wp-block-image size-large\"><img loading=\"lazy\" decoding=\"async\" width=\"446\" height=\"640\" data-id=\"301\" src=\"https:\/\/port-miniature.ch\/wp-content\/uploads\/2022\/06\/IMG_0267.jpg\" alt=\"\" class=\"wp-image-301\" srcset=\"https:\/\/port-miniature.ch\/wp-content\/uploads\/2022\/06\/IMG_0267.jpg 446w, https:\/\/port-miniature.ch\/wp-content\/uploads\/2022\/06\/IMG_0267-209x300.jpg 209w\" sizes=\"auto, (max-width: 446px) 100vw, 446px\" \/><\/figure>\n<\/figure>\n","protected":false},"excerpt":{"rendered":"<p>Les consignes et les r\u00e8gles de navigations sont notifi\u00e9es dans le contrat de location. Le signataire en prend acte. Les consignes de s\u00e9curit\u00e9 sont expliqu\u00e9es lors du d\u00e9part du bateau. Merci de les \u00e9couter et de les respecter. Le d\u00e9p\u00f4t de la pi\u00e8ce d&rsquo;identit\u00e9, passeport ou permis de conduire valables est indispensable et exig\u00e9. Le,la [&hellip;]<\/p>\n","protected":false},"author":2,"featured_media":0,"parent":0,"menu_order":0,"comment_status":"closed","ping_status":"closed","template":"","meta":{"footnotes":""},"class_list":["post-299","page","type-page","status-publish","hentry"],"_links":{"self":[{"href":"https:\/\/port-miniature.ch\/index.php\/wp-json\/wp\/v2\/pages\/299","targetHints":{"allow":["GET"]}}],"collection":[{"href":"https:\/\/port-miniature.ch\/index.php\/wp-json\/wp\/v2\/pages"}],"about":[{"href":"https:\/\/port-miniature.ch\/index.php\/wp-json\/wp\/v2\/types\/page"}],"author":[{"embeddable":true,"href":"https:\/\/port-miniature.ch\/index.php\/wp-json\/wp\/v2\/users\/2"}],"replies":[{"embeddable":true,"href":"https:\/\/port-miniature.ch\/index.php\/wp-json\/wp\/v2\/comments?post=299"}],"version-history":[{"count":7,"href":"https:\/\/port-miniature.ch\/index.php\/wp-json\/wp\/v2\/pages\/299\/revisions"}],"predecessor-version":[{"id":588,"href":"https:\/\/port-miniature.ch\/index.php\/wp-json\/wp\/v2\/pages\/299\/revisions\/588"}],"wp:attachment":[{"href":"https:\/\/port-miniature.ch\/index.php\/wp-json\/wp\/v2\/media?parent=299"}],"curies":[{"name":"wp","href":"https:\/\/api.w.org\/{rel}","templated":true}]}}